{"id":110,"date":"2022-06-17T13:04:43","date_gmt":"2022-06-17T13:04:43","guid":{"rendered":"https:\/\/dermorganicpe.labpro.icu\/?post_type=product&#038;p=110"},"modified":"2024-06-18T15:20:29","modified_gmt":"2024-06-18T15:20:29","slug":"kitmasajeador","status":"publish","type":"product","link":"https:\/\/dermorganicpe.labpro.icu\/index.php\/product\/kitmasajeador\/","title":{"rendered":"Kit masajeador de piedra cuarzo (roller + gua sha + estuche)"},"content":{"rendered":"<p>El Gua Sha es una t\u00e9cnica de masaje de la medicina china (Gua significa frotar o rascar, y Sha significa arena).<\/p>\n<p>Los masajes se rigen por los principios de la acupuntura: el cuerpo puede sanarse, liberando los bloqueos energ\u00e9ticos.<\/p>\n<p>Lo que hace es liberar los tejidos contra\u00eddos del rostro, la tensi\u00f3n de los m\u00fasculos y los fluidos retenidos, ayudando a mejorar la calidad de la piel, mejorando la circulaci\u00f3n y la oxigenaci\u00f3n.<\/p>\n<p><strong>BENEFICIOS DEL GUA SHA :<\/strong><br \/>\n&#8211; Desinflama y Elimina signos de cansancio<br \/>\n&#8211; Esculpe las l\u00edneas de expresi\u00f3n, mand\u00edbula y p\u00f3mulos<br \/>\n&#8211; Aporta Luminosidad a la piel<br \/>\n&#8211; Al realizar masajes en el cuello y la parte cervical previene dolores de cabeza<\/p>\n","protected":false},"excerpt":{"rendered":"<p><strong>MARCA: BIOUNA<\/strong><\/p>\n<p>Piedra curativa de CUARZO que est\u00e1 dise\u00f1ada espec\u00edficamente para las curvas de tu rostro y 100% Natural.<\/p>\n","protected":false},"featured_media":532,"comment_status":"open","ping_status":"closed","template":"","meta":{"content-type":"","_joinchat":[]},"product_cat":[129,73,18,128],"product_tag":[151,150],"class_list":{"0":"post-110","1":"product","2":"type-product","3":"status-publish","4":"has-post-thumbnail","6":"product_cat-accesorios","7":"product_cat-accesorios-accesorios","8":"product_cat-biouna","9":"product_cat-cuidado-personal","10":"product_tag-gua-sha","11":"product_tag-masaje","13":"first","14":"instock","15":"shipping-taxable","16":"purchasable","17":"product-type-simple"},"yoast_head":"<!-- This site is optimized with the Yoast SEO plugin v22.8 - https:\/\/yoast.com\/wordpress\/plugins\/seo\/ -->\n<title>Kit masajeador de piedra cuarzo (roller + gua sha + estuche) - DermOrganicpe<\/title>\n<meta name=\"description\" content=\"Kit masajeador de Biouna, el gua sha es una piedra curativa de cuarzo que est\u00e1 dise\u00f1ada espec\u00edficamente para las curvas de tu rostro y es 100% natural.\" \/>\n<meta name=\"robots\" content=\"index, follow, max-snippet:-1, max-image-preview:large, max-video-preview:-1\" \/>\n<link rel=\"canonical\" href=\"https:\/\/dermorganicpe.labpro.icu\/index.php\/product\/kitmasajeador\/\" \/>\n<meta property=\"og:locale\" content=\"es_ES\" \/>\n<meta property=\"og:type\" content=\"article\" \/>\n<meta property=\"og:title\" content=\"Kit masajeador de piedra cuarzo (roller + gua sha + estuche) - DermOrganicpe\" \/>\n<meta property=\"og:description\" content=\"Kit masajeador de Biouna, el gua sha es una piedra curativa de cuarzo que est\u00e1 dise\u00f1ada espec\u00edficamente para las curvas de tu rostro y es 100% natural.\" \/>\n<meta property=\"og:url\" content=\"https:\/\/dermorganicpe.labpro.icu\/index.php\/product\/kitmasajeador\/\" \/>\n<meta property=\"og:site_name\" content=\"DermOrganicpe\" \/>\n<meta property=\"article:modified_time\" content=\"2024-06-18T15:20:29+00:00\" \/>\n<meta property=\"og:image\" content=\"https:\/\/dermorganicpe.labpro.icu\/wp-content\/uploads\/2022\/06\/32-scaled-e1682022808573.jpg\" \/>\n\t<meta property=\"og:image:width\" content=\"1388\" \/>\n\t<meta property=\"og:image:height\" content=\"1388\" \/>\n\t<meta property=\"og:image:type\" content=\"image\/jpeg\" \/>\n<meta name=\"twitter:card\" content=\"summary_large_image\" \/>\n<meta name=\"twitter:label1\" content=\"Est. reading time\" \/>\n\t<meta name=\"twitter:data1\" content=\"1 minuto\" \/>\n<script type=\"application\/ld+json\" class=\"yoast-schema-graph\">{\"@context\":\"https:\/\/schema.org\",\"@graph\":[{\"@type\":\"WebPage\",\"@id\":\"https:\/\/dermorganicpe.labpro.icu\/index.php\/product\/kitmasajeador\/\",\"url\":\"https:\/\/dermorganicpe.labpro.icu\/index.php\/product\/kitmasajeador\/\",\"name\":\"Kit masajeador de piedra cuarzo (roller + gua sha + estuche) - DermOrganicpe\",\"isPartOf\":{\"@id\":\"https:\/\/dermorganicpe.labpro.icu\/#website\"},\"primaryImageOfPage\":{\"@id\":\"https:\/\/dermorganicpe.labpro.icu\/index.php\/product\/kitmasajeador\/#primaryimage\"},\"image\":{\"@id\":\"https:\/\/dermorganicpe.labpro.icu\/index.php\/product\/kitmasajeador\/#primaryimage\"},\"thumbnailUrl\":\"https:\/\/dermorganicpe.labpro.icu\/wp-content\/uploads\/2022\/06\/32-scaled-e1682022808573.jpg\",\"datePublished\":\"2022-06-17T13:04:43+00:00\",\"dateModified\":\"2024-06-18T15:20:29+00:00\",\"description\":\"Kit masajeador de Biouna, el gua sha es una piedra curativa de cuarzo que est\u00e1 dise\u00f1ada espec\u00edficamente para las curvas de tu rostro y es 100% natural.\",\"breadcrumb\":{\"@id\":\"https:\/\/dermorganicpe.labpro.icu\/index.php\/product\/kitmasajeador\/#breadcrumb\"},\"inLanguage\":\"es-PE\",\"potentialAction\":[{\"@type\":\"ReadAction\",\"target\":[\"https:\/\/dermorganicpe.labpro.icu\/index.php\/product\/kitmasajeador\/\"]}]},{\"@type\":\"ImageObject\",\"inLanguage\":\"es-PE\",\"@id\":\"https:\/\/dermorganicpe.labpro.icu\/index.php\/product\/kitmasajeador\/#primaryimage\",\"url\":\"https:\/\/dermorganicpe.labpro.icu\/wp-content\/uploads\/2022\/06\/32-scaled-e1682022808573.jpg\",\"contentUrl\":\"https:\/\/dermorganicpe.labpro.icu\/wp-content\/uploads\/2022\/06\/32-scaled-e1682022808573.jpg\",\"width\":1388,\"height\":1388},{\"@type\":\"BreadcrumbList\",\"@id\":\"https:\/\/dermorganicpe.labpro.icu\/index.php\/product\/kitmasajeador\/#breadcrumb\",\"itemListElement\":[{\"@type\":\"ListItem\",\"position\":1,\"name\":\"Portada\",\"item\":\"https:\/\/dermorganicpe.labpro.icu\/\"},{\"@type\":\"ListItem\",\"position\":2,\"name\":\"Shop\",\"item\":\"https:\/\/dermorganicpe.labpro.icu\/index.php\/shop-de-dermorganic\/\"},{\"@type\":\"ListItem\",\"position\":3,\"name\":\"Kit masajeador de piedra cuarzo (roller + gua sha + estuche)\"}]},{\"@type\":\"WebSite\",\"@id\":\"https:\/\/dermorganicpe.labpro.icu\/#website\",\"url\":\"https:\/\/dermorganicpe.labpro.icu\/\",\"name\":\"DermOrganicpe\",\"description\":\"Revela tu belleza natural\",\"potentialAction\":[{\"@type\":\"SearchAction\",\"target\":{\"@type\":\"EntryPoint\",\"urlTemplate\":\"https:\/\/dermorganicpe.labpro.icu\/?s={search_term_string}\"},\"query-input\":\"required name=search_term_string\"}],\"inLanguage\":\"es-PE\"}]}<\/script>\n<!-- \/ Yoast SEO plugin. -->","yoast_head_json":{"title":"Kit masajeador de piedra cuarzo (roller + gua sha + estuche) - DermOrganicpe","description":"Kit masajeador de Biouna, el gua sha es una piedra curativa de cuarzo que est\u00e1 dise\u00f1ada espec\u00edficamente para las curvas de tu rostro y es 100% natural.","robots":{"index":"index","follow":"follow","max-snippet":"max-snippet:-1","max-image-preview":"max-image-preview:large","max-video-preview":"max-video-preview:-1"},"canonical":"https:\/\/dermorganicpe.labpro.icu\/index.php\/product\/kitmasajeador\/","og_locale":"es_ES","og_type":"article","og_title":"Kit masajeador de piedra cuarzo (roller + gua sha + estuche) - DermOrganicpe","og_description":"Kit masajeador de Biouna, el gua sha es una piedra curativa de cuarzo que est\u00e1 dise\u00f1ada espec\u00edficamente para las curvas de tu rostro y es 100% natural.","og_url":"https:\/\/dermorganicpe.labpro.icu\/index.php\/product\/kitmasajeador\/","og_site_name":"DermOrganicpe","article_modified_time":"2024-06-18T15:20:29+00:00","og_image":[{"width":1388,"height":1388,"url":"https:\/\/dermorganicpe.labpro.icu\/wp-content\/uploads\/2022\/06\/32-scaled-e1682022808573.jpg","type":"image\/jpeg"}],"twitter_card":"summary_large_image","twitter_misc":{"Est. reading time":"1 minuto"},"schema":{"@context":"https:\/\/schema.org","@graph":[{"@type":"WebPage","@id":"https:\/\/dermorganicpe.labpro.icu\/index.php\/product\/kitmasajeador\/","url":"https:\/\/dermorganicpe.labpro.icu\/index.php\/product\/kitmasajeador\/","name":"Kit masajeador de piedra cuarzo (roller + gua sha + estuche) - DermOrganicpe","isPartOf":{"@id":"https:\/\/dermorganicpe.labpro.icu\/#website"},"primaryImageOfPage":{"@id":"https:\/\/dermorganicpe.labpro.icu\/index.php\/product\/kitmasajeador\/#primaryimage"},"image":{"@id":"https:\/\/dermorganicpe.labpro.icu\/index.php\/product\/kitmasajeador\/#primaryimage"},"thumbnailUrl":"https:\/\/dermorganicpe.labpro.icu\/wp-content\/uploads\/2022\/06\/32-scaled-e1682022808573.jpg","datePublished":"2022-06-17T13:04:43+00:00","dateModified":"2024-06-18T15:20:29+00:00","description":"Kit masajeador de Biouna, el gua sha es una piedra curativa de cuarzo que est\u00e1 dise\u00f1ada espec\u00edficamente para las curvas de tu rostro y es 100% natural.","breadcrumb":{"@id":"https:\/\/dermorganicpe.labpro.icu\/index.php\/product\/kitmasajeador\/#breadcrumb"},"inLanguage":"es-PE","potentialAction":[{"@type":"ReadAction","target":["https:\/\/dermorganicpe.labpro.icu\/index.php\/product\/kitmasajeador\/"]}]},{"@type":"ImageObject","inLanguage":"es-PE","@id":"https:\/\/dermorganicpe.labpro.icu\/index.php\/product\/kitmasajeador\/#primaryimage","url":"https:\/\/dermorganicpe.labpro.icu\/wp-content\/uploads\/2022\/06\/32-scaled-e1682022808573.jpg","contentUrl":"https:\/\/dermorganicpe.labpro.icu\/wp-content\/uploads\/2022\/06\/32-scaled-e1682022808573.jpg","width":1388,"height":1388},{"@type":"BreadcrumbList","@id":"https:\/\/dermorganicpe.labpro.icu\/index.php\/product\/kitmasajeador\/#breadcrumb","itemListElement":[{"@type":"ListItem","position":1,"name":"Portada","item":"https:\/\/dermorganicpe.labpro.icu\/"},{"@type":"ListItem","position":2,"name":"Shop","item":"https:\/\/dermorganicpe.labpro.icu\/index.php\/shop-de-dermorganic\/"},{"@type":"ListItem","position":3,"name":"Kit masajeador de piedra cuarzo (roller + gua sha + estuche)"}]},{"@type":"WebSite","@id":"https:\/\/dermorganicpe.labpro.icu\/#website","url":"https:\/\/dermorganicpe.labpro.icu\/","name":"DermOrganicpe","description":"Revela tu belleza natural","potentialAction":[{"@type":"SearchAction","target":{"@type":"EntryPoint","urlTemplate":"https:\/\/dermorganicpe.labpro.icu\/?s={search_term_string}"},"query-input":"required name=search_term_string"}],"inLanguage":"es-PE"}]}},"_links":{"self":[{"href":"https:\/\/dermorganicpe.labpro.icu\/index.php\/wp-json\/wp\/v2\/product\/110","targetHints":{"allow":["GET"]}}],"collection":[{"href":"https:\/\/dermorganicpe.labpro.icu\/index.php\/wp-json\/wp\/v2\/product"}],"about":[{"href":"https:\/\/dermorganicpe.labpro.icu\/index.php\/wp-json\/wp\/v2\/types\/product"}],"replies":[{"embeddable":true,"href":"https:\/\/dermorganicpe.labpro.icu\/index.php\/wp-json\/wp\/v2\/comments?post=110"}],"wp:featuredmedia":[{"embeddable":true,"href":"https:\/\/dermorganicpe.labpro.icu\/index.php\/wp-json\/wp\/v2\/media\/532"}],"wp:attachment":[{"href":"https:\/\/dermorganicpe.labpro.icu\/index.php\/wp-json\/wp\/v2\/media?parent=110"}],"wp:term":[{"taxonomy":"product_cat","embeddable":true,"href":"https:\/\/dermorganicpe.labpro.icu\/index.php\/wp-json\/wp\/v2\/product_cat?post=110"},{"taxonomy":"product_tag","embeddable":true,"href":"https:\/\/dermorganicpe.labpro.icu\/index.php\/wp-json\/wp\/v2\/product_tag?post=110"}],"curies":[{"name":"wp","href":"https:\/\/api.w.org\/{rel}","templated":true}]}}