{"id":288,"date":"2022-06-23T09:59:00","date_gmt":"2022-06-23T09:59:00","guid":{"rendered":"https:\/\/dermorganicpe.labpro.icu\/?post_type=product&#038;p=288"},"modified":"2024-06-25T19:50:26","modified_gmt":"2024-06-26T00:50:26","slug":"acondicionadorsolidoparacabellolaciodecoco","status":"publish","type":"product","link":"https:\/\/dermorganicpe.labpro.icu\/index.php\/product\/acondicionadorsolidoparacabellolaciodecoco\/","title":{"rendered":"Acondicionador s\u00f3lido para cabello lacio de Coco"},"content":{"rendered":"<p>Acondicionador s\u00f3lido que elimina la resequedad del cabello dej\u00e1ndolo d\u00f3cil y suave.<\/p>\n<p><strong>INGREDIENTES:<\/strong><br \/>\nEsencia de Coco + Aceite de Jojoba + BTMS + Manteca de Karit\u00e9<br \/>\n<strong>BENEFICIOS:<\/strong><br \/>\n&#8211; Elimina la resequedad del pelo dej\u00e1ndolo d\u00f3cil y suave<br \/>\n&#8211; Aporta brillo y vitalidad<br \/>\n&#8211; Hidrata el cabello<br \/>\n<strong>TIEMPO DE DURACI\u00d3N:<\/strong><br \/>\n3 a 4 meses aproximadamente, seg\u00fan el modo de uso.<\/p>\n<p><strong>65 gramos<\/strong><\/p>\n","protected":false},"excerpt":{"rendered":"<p><strong>MARCA: BIOUNA<\/strong><\/p>\n<p>Aporta brillo y vitalidad. Hidrata el cabello.<\/p>\n","protected":false},"featured_media":355,"comment_status":"open","ping_status":"closed","template":"","meta":{"content-type":"","_joinchat":[]},"product_cat":[18,123,205,120,94],"product_tag":[116,117,42,48],"class_list":{"0":"post-288","1":"product","2":"type-product","3":"status-publish","4":"has-post-thumbnail","6":"product_cat-biouna","7":"product_cat-capilar","8":"product_cat-descuentos","9":"product_cat-organicos","10":"product_cat-productos-capilares","11":"product_tag-closets","12":"product_tag-rtv","13":"product_tag-sofa","14":"product_tag-table","16":"first","17":"instock","18":"sale","19":"shipping-taxable","20":"purchasable","21":"product-type-simple"},"yoast_head":"<!-- This site is optimized with the Yoast SEO plugin v22.8 - https:\/\/yoast.com\/wordpress\/plugins\/seo\/ -->\n<title>Acondicionador s\u00f3lido para cabello lacio de Coco - Biouna - DermOrganicpe<\/title>\n<meta name=\"description\" content=\"Acondicionador s\u00f3lido org\u00e1nico a base de coco de Biouna que elimina la resequedad del cabello dej\u00e1ndolo d\u00f3cil y suave especialmente para cabello lacio.\" \/>\n<meta name=\"robots\" content=\"index, follow, max-snippet:-1, max-image-preview:large, max-video-preview:-1\" \/>\n<link rel=\"canonical\" href=\"https:\/\/dermorganicpe.labpro.icu\/index.php\/product\/acondicionadorsolidoparacabellolaciodecoco\/\" \/>\n<meta property=\"og:locale\" content=\"es_ES\" \/>\n<meta property=\"og:type\" content=\"article\" \/>\n<meta property=\"og:title\" content=\"Acondicionador s\u00f3lido para cabello lacio de Coco - Biouna - DermOrganicpe\" \/>\n<meta property=\"og:description\" content=\"Acondicionador s\u00f3lido org\u00e1nico a base de coco de Biouna que elimina la resequedad del cabello dej\u00e1ndolo d\u00f3cil y suave especialmente para cabello lacio.\" \/>\n<meta property=\"og:url\" content=\"https:\/\/dermorganicpe.labpro.icu\/index.php\/product\/acondicionadorsolidoparacabellolaciodecoco\/\" \/>\n<meta property=\"og:site_name\" content=\"DermOrganicpe\" \/>\n<meta property=\"article:modified_time\" content=\"2024-06-26T00:50:26+00:00\" \/>\n<meta property=\"og:image\" content=\"https:\/\/dermorganicpe.labpro.icu\/wp-content\/uploads\/2022\/06\/lacio-de-coco.jpg\" \/>\n\t<meta property=\"og:image:width\" content=\"1299\" \/>\n\t<meta property=\"og:image:height\" content=\"1299\" \/>\n\t<meta property=\"og:image:type\" content=\"image\/jpeg\" \/>\n<meta name=\"twitter:card\" content=\"summary_large_image\" \/>\n<meta name=\"twitter:label1\" content=\"Est. reading time\" \/>\n\t<meta name=\"twitter:data1\" content=\"1 minuto\" \/>\n<script type=\"application\/ld+json\" class=\"yoast-schema-graph\">{\"@context\":\"https:\/\/schema.org\",\"@graph\":[{\"@type\":\"WebPage\",\"@id\":\"https:\/\/dermorganicpe.labpro.icu\/index.php\/product\/acondicionadorsolidoparacabellolaciodecoco\/\",\"url\":\"https:\/\/dermorganicpe.labpro.icu\/index.php\/product\/acondicionadorsolidoparacabellolaciodecoco\/\",\"name\":\"Acondicionador s\u00f3lido para cabello lacio de Coco - Biouna - DermOrganicpe\",\"isPartOf\":{\"@id\":\"https:\/\/dermorganicpe.labpro.icu\/#website\"},\"primaryImageOfPage\":{\"@id\":\"https:\/\/dermorganicpe.labpro.icu\/index.php\/product\/acondicionadorsolidoparacabellolaciodecoco\/#primaryimage\"},\"image\":{\"@id\":\"https:\/\/dermorganicpe.labpro.icu\/index.php\/product\/acondicionadorsolidoparacabellolaciodecoco\/#primaryimage\"},\"thumbnailUrl\":\"https:\/\/dermorganicpe.labpro.icu\/wp-content\/uploads\/2022\/06\/lacio-de-coco.jpg\",\"datePublished\":\"2022-06-23T09:59:00+00:00\",\"dateModified\":\"2024-06-26T00:50:26+00:00\",\"description\":\"Acondicionador s\u00f3lido org\u00e1nico a base de coco de Biouna que elimina la resequedad del cabello dej\u00e1ndolo d\u00f3cil y suave especialmente para cabello lacio.\",\"breadcrumb\":{\"@id\":\"https:\/\/dermorganicpe.labpro.icu\/index.php\/product\/acondicionadorsolidoparacabellolaciodecoco\/#breadcrumb\"},\"inLanguage\":\"es-PE\",\"potentialAction\":[{\"@type\":\"ReadAction\",\"target\":[\"https:\/\/dermorganicpe.labpro.icu\/index.php\/product\/acondicionadorsolidoparacabellolaciodecoco\/\"]}]},{\"@type\":\"ImageObject\",\"inLanguage\":\"es-PE\",\"@id\":\"https:\/\/dermorganicpe.labpro.icu\/index.php\/product\/acondicionadorsolidoparacabellolaciodecoco\/#primaryimage\",\"url\":\"https:\/\/dermorganicpe.labpro.icu\/wp-content\/uploads\/2022\/06\/lacio-de-coco.jpg\",\"contentUrl\":\"https:\/\/dermorganicpe.labpro.icu\/wp-content\/uploads\/2022\/06\/lacio-de-coco.jpg\",\"width\":1299,\"height\":1299},{\"@type\":\"BreadcrumbList\",\"@id\":\"https:\/\/dermorganicpe.labpro.icu\/index.php\/product\/acondicionadorsolidoparacabellolaciodecoco\/#breadcrumb\",\"itemListElement\":[{\"@type\":\"ListItem\",\"position\":1,\"name\":\"Portada\",\"item\":\"https:\/\/dermorganicpe.labpro.icu\/\"},{\"@type\":\"ListItem\",\"position\":2,\"name\":\"Shop\",\"item\":\"https:\/\/dermorganicpe.labpro.icu\/index.php\/shop-de-dermorganic\/\"},{\"@type\":\"ListItem\",\"position\":3,\"name\":\"Acondicionador s\u00f3lido para cabello lacio de Coco\"}]},{\"@type\":\"WebSite\",\"@id\":\"https:\/\/dermorganicpe.labpro.icu\/#website\",\"url\":\"https:\/\/dermorganicpe.labpro.icu\/\",\"name\":\"DermOrganicpe\",\"description\":\"Revela tu belleza natural\",\"potentialAction\":[{\"@type\":\"SearchAction\",\"target\":{\"@type\":\"EntryPoint\",\"urlTemplate\":\"https:\/\/dermorganicpe.labpro.icu\/?s={search_term_string}\"},\"query-input\":\"required name=search_term_string\"}],\"inLanguage\":\"es-PE\"}]}<\/script>\n<!-- \/ Yoast SEO plugin. -->","yoast_head_json":{"title":"Acondicionador s\u00f3lido para cabello lacio de Coco - Biouna - DermOrganicpe","description":"Acondicionador s\u00f3lido org\u00e1nico a base de coco de Biouna que elimina la resequedad del cabello dej\u00e1ndolo d\u00f3cil y suave especialmente para cabello lacio.","robots":{"index":"index","follow":"follow","max-snippet":"max-snippet:-1","max-image-preview":"max-image-preview:large","max-video-preview":"max-video-preview:-1"},"canonical":"https:\/\/dermorganicpe.labpro.icu\/index.php\/product\/acondicionadorsolidoparacabellolaciodecoco\/","og_locale":"es_ES","og_type":"article","og_title":"Acondicionador s\u00f3lido para cabello lacio de Coco - Biouna - DermOrganicpe","og_description":"Acondicionador s\u00f3lido org\u00e1nico a base de coco de Biouna que elimina la resequedad del cabello dej\u00e1ndolo d\u00f3cil y suave especialmente para cabello lacio.","og_url":"https:\/\/dermorganicpe.labpro.icu\/index.php\/product\/acondicionadorsolidoparacabellolaciodecoco\/","og_site_name":"DermOrganicpe","article_modified_time":"2024-06-26T00:50:26+00:00","og_image":[{"width":1299,"height":1299,"url":"https:\/\/dermorganicpe.labpro.icu\/wp-content\/uploads\/2022\/06\/lacio-de-coco.jpg","type":"image\/jpeg"}],"twitter_card":"summary_large_image","twitter_misc":{"Est. reading time":"1 minuto"},"schema":{"@context":"https:\/\/schema.org","@graph":[{"@type":"WebPage","@id":"https:\/\/dermorganicpe.labpro.icu\/index.php\/product\/acondicionadorsolidoparacabellolaciodecoco\/","url":"https:\/\/dermorganicpe.labpro.icu\/index.php\/product\/acondicionadorsolidoparacabellolaciodecoco\/","name":"Acondicionador s\u00f3lido para cabello lacio de Coco - Biouna - DermOrganicpe","isPartOf":{"@id":"https:\/\/dermorganicpe.labpro.icu\/#website"},"primaryImageOfPage":{"@id":"https:\/\/dermorganicpe.labpro.icu\/index.php\/product\/acondicionadorsolidoparacabellolaciodecoco\/#primaryimage"},"image":{"@id":"https:\/\/dermorganicpe.labpro.icu\/index.php\/product\/acondicionadorsolidoparacabellolaciodecoco\/#primaryimage"},"thumbnailUrl":"https:\/\/dermorganicpe.labpro.icu\/wp-content\/uploads\/2022\/06\/lacio-de-coco.jpg","datePublished":"2022-06-23T09:59:00+00:00","dateModified":"2024-06-26T00:50:26+00:00","description":"Acondicionador s\u00f3lido org\u00e1nico a base de coco de Biouna que elimina la resequedad del cabello dej\u00e1ndolo d\u00f3cil y suave especialmente para cabello lacio.","breadcrumb":{"@id":"https:\/\/dermorganicpe.labpro.icu\/index.php\/product\/acondicionadorsolidoparacabellolaciodecoco\/#breadcrumb"},"inLanguage":"es-PE","potentialAction":[{"@type":"ReadAction","target":["https:\/\/dermorganicpe.labpro.icu\/index.php\/product\/acondicionadorsolidoparacabellolaciodecoco\/"]}]},{"@type":"ImageObject","inLanguage":"es-PE","@id":"https:\/\/dermorganicpe.labpro.icu\/index.php\/product\/acondicionadorsolidoparacabellolaciodecoco\/#primaryimage","url":"https:\/\/dermorganicpe.labpro.icu\/wp-content\/uploads\/2022\/06\/lacio-de-coco.jpg","contentUrl":"https:\/\/dermorganicpe.labpro.icu\/wp-content\/uploads\/2022\/06\/lacio-de-coco.jpg","width":1299,"height":1299},{"@type":"BreadcrumbList","@id":"https:\/\/dermorganicpe.labpro.icu\/index.php\/product\/acondicionadorsolidoparacabellolaciodecoco\/#breadcrumb","itemListElement":[{"@type":"ListItem","position":1,"name":"Portada","item":"https:\/\/dermorganicpe.labpro.icu\/"},{"@type":"ListItem","position":2,"name":"Shop","item":"https:\/\/dermorganicpe.labpro.icu\/index.php\/shop-de-dermorganic\/"},{"@type":"ListItem","position":3,"name":"Acondicionador s\u00f3lido para cabello lacio de Coco"}]},{"@type":"WebSite","@id":"https:\/\/dermorganicpe.labpro.icu\/#website","url":"https:\/\/dermorganicpe.labpro.icu\/","name":"DermOrganicpe","description":"Revela tu belleza natural","potentialAction":[{"@type":"SearchAction","target":{"@type":"EntryPoint","urlTemplate":"https:\/\/dermorganicpe.labpro.icu\/?s={search_term_string}"},"query-input":"required name=search_term_string"}],"inLanguage":"es-PE"}]}},"_links":{"self":[{"href":"https:\/\/dermorganicpe.labpro.icu\/index.php\/wp-json\/wp\/v2\/product\/288","targetHints":{"allow":["GET"]}}],"collection":[{"href":"https:\/\/dermorganicpe.labpro.icu\/index.php\/wp-json\/wp\/v2\/product"}],"about":[{"href":"https:\/\/dermorganicpe.labpro.icu\/index.php\/wp-json\/wp\/v2\/types\/product"}],"replies":[{"embeddable":true,"href":"https:\/\/dermorganicpe.labpro.icu\/index.php\/wp-json\/wp\/v2\/comments?post=288"}],"wp:featuredmedia":[{"embeddable":true,"href":"https:\/\/dermorganicpe.labpro.icu\/index.php\/wp-json\/wp\/v2\/media\/355"}],"wp:attachment":[{"href":"https:\/\/dermorganicpe.labpro.icu\/index.php\/wp-json\/wp\/v2\/media?parent=288"}],"wp:term":[{"taxonomy":"product_cat","embeddable":true,"href":"https:\/\/dermorganicpe.labpro.icu\/index.php\/wp-json\/wp\/v2\/product_cat?post=288"},{"taxonomy":"product_tag","embeddable":true,"href":"https:\/\/dermorganicpe.labpro.icu\/index.php\/wp-json\/wp\/v2\/product_tag?post=288"}],"curies":[{"name":"wp","href":"https:\/\/api.w.org\/{rel}","templated":true}]}}