{"id":577,"date":"2024-06-16T21:15:46","date_gmt":"2024-06-16T21:15:46","guid":{"rendered":"https:\/\/dermorganicpe.labpro.icu\/?post_type=product&#038;p=577"},"modified":"2024-06-18T01:40:55","modified_gmt":"2024-06-18T01:40:55","slug":"lechecorporal-citrus","status":"publish","type":"product","link":"https:\/\/dermorganicpe.labpro.icu\/index.php\/product\/lechecorporal-citrus\/","title":{"rendered":"Leche Corporal Refrescante Citrus"},"content":{"rendered":"<p><strong>Ingrediente principal: Aceite de cascara de lim\u00f3n\u00a0<\/strong><\/p>\n<p>Esta fruta amarilla crece en peque\u00f1os \u00e1rboles en el Mediterr\u00e1neo. Emana una fragancia fresca y vigorizante. La piel del lim\u00f3n contiene aceites esenciales vigorizantes como el limonene, el citral o el coumarin. El aceite de lim\u00f3n tiene propidades tonificantes y tensoras. Sirve tambi\u00e9n como purificante y desinfectante y es ideal para tratar pieles grasas y cansadas.<\/p>\n<p><strong>Modo de uso:\u00a0<\/strong><\/p>\n<p>Utilizar con regularidad despu\u00e9s de la ducha y\/o despu\u00e9s de tomar el sol. Recomendado para pieles secas por su alto poder nutritivo.<\/p>\n","protected":false},"excerpt":{"rendered":"<p><strong>MARCA: WELEDA<\/strong><\/p>\n<div class=\"clearfix row\">\n<div class=\"col-xs-12 col-md-9\">\n<p class=\"prod-desc\">Enriquecida con aloe vera org\u00e1nico, aceite de coco, s\u00e9samo y manteca de karit\u00e9, aumenta la hidrataci\u00f3n de la piel dej\u00e1ndola radiante y flexible. Ideal para el verano despu\u00e9s del sol. Apto para veganos.<\/p>\n<\/div>\n<\/div>\n<div class=\"woocommerce_msrp\">\n<p class=\"prod-desc\"><strong>200ml<\/strong><\/p>\n<\/div>\n","protected":false},"featured_media":581,"comment_status":"open","ping_status":"closed","template":"","meta":{"content-type":"","_joinchat":[]},"product_cat":[124,95,120,21],"product_tag":[25,24,23],"class_list":{"0":"post-577","1":"product","2":"type-product","3":"status-publish","4":"has-post-thumbnail","6":"product_cat-corporal","7":"product_cat-cremas-corporales","8":"product_cat-organicos","9":"product_cat-weleda","10":"product_tag-cabinet","11":"product_tag-decoration","12":"product_tag-lamp","14":"first","15":"instock","16":"shipping-taxable","17":"purchasable","18":"product-type-simple"},"yoast_head":"<!-- This site is optimized with the Yoast SEO plugin v22.8 - https:\/\/yoast.com\/wordpress\/plugins\/seo\/ -->\n<title>Leche Corporal Refrescante Citrus - DermOrganicpe<\/title>\n<meta name=\"description\" content=\"Leche corporal refrescante citrus enriquecida con aloe vera org\u00e1nico, aceite de coco, s\u00e9samo y manteca de karit\u00e9, aumenta la hidrataci\u00f3n de la piel dej\u00e1ndola radiante y flexible.\" \/>\n<meta name=\"robots\" content=\"index, follow, max-snippet:-1, max-image-preview:large, max-video-preview:-1\" \/>\n<link rel=\"canonical\" href=\"https:\/\/dermorganicpe.labpro.icu\/index.php\/product\/lechecorporal-citrus\/\" \/>\n<meta property=\"og:locale\" content=\"es_ES\" \/>\n<meta property=\"og:type\" content=\"article\" \/>\n<meta property=\"og:title\" content=\"Leche Corporal Refrescante Citrus - DermOrganicpe\" \/>\n<meta property=\"og:description\" content=\"Leche corporal refrescante citrus enriquecida con aloe vera org\u00e1nico, aceite de coco, s\u00e9samo y manteca de karit\u00e9, aumenta la hidrataci\u00f3n de la piel dej\u00e1ndola radiante y flexible.\" \/>\n<meta property=\"og:url\" content=\"https:\/\/dermorganicpe.labpro.icu\/index.php\/product\/lechecorporal-citrus\/\" \/>\n<meta property=\"og:site_name\" content=\"DermOrganicpe\" \/>\n<meta property=\"article:modified_time\" content=\"2024-06-18T01:40:55+00:00\" \/>\n<meta property=\"og:image\" content=\"https:\/\/dermorganicpe.labpro.icu\/wp-content\/uploads\/2024\/06\/Leche-Corporal-Hidratacion-Expres-Citrus-Weleda.png\" \/>\n\t<meta property=\"og:image:width\" content=\"1000\" \/>\n\t<meta property=\"og:image:height\" content=\"1000\" \/>\n\t<meta property=\"og:image:type\" content=\"image\/png\" \/>\n<meta name=\"twitter:card\" content=\"summary_large_image\" \/>\n<meta name=\"twitter:label1\" content=\"Est. reading time\" \/>\n\t<meta name=\"twitter:data1\" content=\"1 minuto\" \/>\n<script type=\"application\/ld+json\" class=\"yoast-schema-graph\">{\"@context\":\"https:\/\/schema.org\",\"@graph\":[{\"@type\":\"WebPage\",\"@id\":\"https:\/\/dermorganicpe.labpro.icu\/index.php\/product\/lechecorporal-citrus\/\",\"url\":\"https:\/\/dermorganicpe.labpro.icu\/index.php\/product\/lechecorporal-citrus\/\",\"name\":\"Leche Corporal Refrescante Citrus - DermOrganicpe\",\"isPartOf\":{\"@id\":\"https:\/\/dermorganicpe.labpro.icu\/#website\"},\"primaryImageOfPage\":{\"@id\":\"https:\/\/dermorganicpe.labpro.icu\/index.php\/product\/lechecorporal-citrus\/#primaryimage\"},\"image\":{\"@id\":\"https:\/\/dermorganicpe.labpro.icu\/index.php\/product\/lechecorporal-citrus\/#primaryimage\"},\"thumbnailUrl\":\"https:\/\/dermorganicpe.labpro.icu\/wp-content\/uploads\/2024\/06\/Leche-Corporal-Hidratacion-Expres-Citrus-Weleda.png\",\"datePublished\":\"2024-06-16T21:15:46+00:00\",\"dateModified\":\"2024-06-18T01:40:55+00:00\",\"description\":\"Leche corporal refrescante citrus enriquecida con aloe vera org\u00e1nico, aceite de coco, s\u00e9samo y manteca de karit\u00e9, aumenta la hidrataci\u00f3n de la piel dej\u00e1ndola radiante y flexible.\",\"breadcrumb\":{\"@id\":\"https:\/\/dermorganicpe.labpro.icu\/index.php\/product\/lechecorporal-citrus\/#breadcrumb\"},\"inLanguage\":\"es-PE\",\"potentialAction\":[{\"@type\":\"ReadAction\",\"target\":[\"https:\/\/dermorganicpe.labpro.icu\/index.php\/product\/lechecorporal-citrus\/\"]}]},{\"@type\":\"ImageObject\",\"inLanguage\":\"es-PE\",\"@id\":\"https:\/\/dermorganicpe.labpro.icu\/index.php\/product\/lechecorporal-citrus\/#primaryimage\",\"url\":\"https:\/\/dermorganicpe.labpro.icu\/wp-content\/uploads\/2024\/06\/Leche-Corporal-Hidratacion-Expres-Citrus-Weleda.png\",\"contentUrl\":\"https:\/\/dermorganicpe.labpro.icu\/wp-content\/uploads\/2024\/06\/Leche-Corporal-Hidratacion-Expres-Citrus-Weleda.png\",\"width\":1000,\"height\":1000},{\"@type\":\"BreadcrumbList\",\"@id\":\"https:\/\/dermorganicpe.labpro.icu\/index.php\/product\/lechecorporal-citrus\/#breadcrumb\",\"itemListElement\":[{\"@type\":\"ListItem\",\"position\":1,\"name\":\"Portada\",\"item\":\"https:\/\/dermorganicpe.labpro.icu\/\"},{\"@type\":\"ListItem\",\"position\":2,\"name\":\"Shop\",\"item\":\"https:\/\/dermorganicpe.labpro.icu\/index.php\/shop-de-dermorganic\/\"},{\"@type\":\"ListItem\",\"position\":3,\"name\":\"Leche Corporal Refrescante Citrus\"}]},{\"@type\":\"WebSite\",\"@id\":\"https:\/\/dermorganicpe.labpro.icu\/#website\",\"url\":\"https:\/\/dermorganicpe.labpro.icu\/\",\"name\":\"DermOrganicpe\",\"description\":\"Revela tu belleza natural\",\"potentialAction\":[{\"@type\":\"SearchAction\",\"target\":{\"@type\":\"EntryPoint\",\"urlTemplate\":\"https:\/\/dermorganicpe.labpro.icu\/?s={search_term_string}\"},\"query-input\":\"required name=search_term_string\"}],\"inLanguage\":\"es-PE\"}]}<\/script>\n<!-- \/ Yoast SEO plugin. -->","yoast_head_json":{"title":"Leche Corporal Refrescante Citrus - DermOrganicpe","description":"Leche corporal refrescante citrus enriquecida con aloe vera org\u00e1nico, aceite de coco, s\u00e9samo y manteca de karit\u00e9, aumenta la hidrataci\u00f3n de la piel dej\u00e1ndola radiante y flexible.","robots":{"index":"index","follow":"follow","max-snippet":"max-snippet:-1","max-image-preview":"max-image-preview:large","max-video-preview":"max-video-preview:-1"},"canonical":"https:\/\/dermorganicpe.labpro.icu\/index.php\/product\/lechecorporal-citrus\/","og_locale":"es_ES","og_type":"article","og_title":"Leche Corporal Refrescante Citrus - DermOrganicpe","og_description":"Leche corporal refrescante citrus enriquecida con aloe vera org\u00e1nico, aceite de coco, s\u00e9samo y manteca de karit\u00e9, aumenta la hidrataci\u00f3n de la piel dej\u00e1ndola radiante y flexible.","og_url":"https:\/\/dermorganicpe.labpro.icu\/index.php\/product\/lechecorporal-citrus\/","og_site_name":"DermOrganicpe","article_modified_time":"2024-06-18T01:40:55+00:00","og_image":[{"width":1000,"height":1000,"url":"https:\/\/dermorganicpe.labpro.icu\/wp-content\/uploads\/2024\/06\/Leche-Corporal-Hidratacion-Expres-Citrus-Weleda.png","type":"image\/png"}],"twitter_card":"summary_large_image","twitter_misc":{"Est. reading time":"1 minuto"},"schema":{"@context":"https:\/\/schema.org","@graph":[{"@type":"WebPage","@id":"https:\/\/dermorganicpe.labpro.icu\/index.php\/product\/lechecorporal-citrus\/","url":"https:\/\/dermorganicpe.labpro.icu\/index.php\/product\/lechecorporal-citrus\/","name":"Leche Corporal Refrescante Citrus - DermOrganicpe","isPartOf":{"@id":"https:\/\/dermorganicpe.labpro.icu\/#website"},"primaryImageOfPage":{"@id":"https:\/\/dermorganicpe.labpro.icu\/index.php\/product\/lechecorporal-citrus\/#primaryimage"},"image":{"@id":"https:\/\/dermorganicpe.labpro.icu\/index.php\/product\/lechecorporal-citrus\/#primaryimage"},"thumbnailUrl":"https:\/\/dermorganicpe.labpro.icu\/wp-content\/uploads\/2024\/06\/Leche-Corporal-Hidratacion-Expres-Citrus-Weleda.png","datePublished":"2024-06-16T21:15:46+00:00","dateModified":"2024-06-18T01:40:55+00:00","description":"Leche corporal refrescante citrus enriquecida con aloe vera org\u00e1nico, aceite de coco, s\u00e9samo y manteca de karit\u00e9, aumenta la hidrataci\u00f3n de la piel dej\u00e1ndola radiante y flexible.","breadcrumb":{"@id":"https:\/\/dermorganicpe.labpro.icu\/index.php\/product\/lechecorporal-citrus\/#breadcrumb"},"inLanguage":"es-PE","potentialAction":[{"@type":"ReadAction","target":["https:\/\/dermorganicpe.labpro.icu\/index.php\/product\/lechecorporal-citrus\/"]}]},{"@type":"ImageObject","inLanguage":"es-PE","@id":"https:\/\/dermorganicpe.labpro.icu\/index.php\/product\/lechecorporal-citrus\/#primaryimage","url":"https:\/\/dermorganicpe.labpro.icu\/wp-content\/uploads\/2024\/06\/Leche-Corporal-Hidratacion-Expres-Citrus-Weleda.png","contentUrl":"https:\/\/dermorganicpe.labpro.icu\/wp-content\/uploads\/2024\/06\/Leche-Corporal-Hidratacion-Expres-Citrus-Weleda.png","width":1000,"height":1000},{"@type":"BreadcrumbList","@id":"https:\/\/dermorganicpe.labpro.icu\/index.php\/product\/lechecorporal-citrus\/#breadcrumb","itemListElement":[{"@type":"ListItem","position":1,"name":"Portada","item":"https:\/\/dermorganicpe.labpro.icu\/"},{"@type":"ListItem","position":2,"name":"Shop","item":"https:\/\/dermorganicpe.labpro.icu\/index.php\/shop-de-dermorganic\/"},{"@type":"ListItem","position":3,"name":"Leche Corporal Refrescante Citrus"}]},{"@type":"WebSite","@id":"https:\/\/dermorganicpe.labpro.icu\/#website","url":"https:\/\/dermorganicpe.labpro.icu\/","name":"DermOrganicpe","description":"Revela tu belleza natural","potentialAction":[{"@type":"SearchAction","target":{"@type":"EntryPoint","urlTemplate":"https:\/\/dermorganicpe.labpro.icu\/?s={search_term_string}"},"query-input":"required name=search_term_string"}],"inLanguage":"es-PE"}]}},"_links":{"self":[{"href":"https:\/\/dermorganicpe.labpro.icu\/index.php\/wp-json\/wp\/v2\/product\/577","targetHints":{"allow":["GET"]}}],"collection":[{"href":"https:\/\/dermorganicpe.labpro.icu\/index.php\/wp-json\/wp\/v2\/product"}],"about":[{"href":"https:\/\/dermorganicpe.labpro.icu\/index.php\/wp-json\/wp\/v2\/types\/product"}],"replies":[{"embeddable":true,"href":"https:\/\/dermorganicpe.labpro.icu\/index.php\/wp-json\/wp\/v2\/comments?post=577"}],"wp:featuredmedia":[{"embeddable":true,"href":"https:\/\/dermorganicpe.labpro.icu\/index.php\/wp-json\/wp\/v2\/media\/581"}],"wp:attachment":[{"href":"https:\/\/dermorganicpe.labpro.icu\/index.php\/wp-json\/wp\/v2\/media?parent=577"}],"wp:term":[{"taxonomy":"product_cat","embeddable":true,"href":"https:\/\/dermorganicpe.labpro.icu\/index.php\/wp-json\/wp\/v2\/product_cat?post=577"},{"taxonomy":"product_tag","embeddable":true,"href":"https:\/\/dermorganicpe.labpro.icu\/index.php\/wp-json\/wp\/v2\/product_tag?post=577"}],"curies":[{"name":"wp","href":"https:\/\/api.w.org\/{rel}","templated":true}]}}