{"id":659,"date":"2024-06-16T23:58:41","date_gmt":"2024-06-16T23:58:41","guid":{"rendered":"https:\/\/dermorganicpe.labpro.icu\/?post_type=product&#038;p=659"},"modified":"2024-06-18T06:58:06","modified_gmt":"2024-06-18T06:58:06","slug":"amazoniatreeelixir","status":"publish","type":"product","link":"https:\/\/dermorganicpe.labpro.icu\/index.php\/product\/amazoniatreeelixir\/","title":{"rendered":"Amazonian Tree Elixir"},"content":{"rendered":"<p>El serum Amazonian Tree Elixir es una fuente de juventud gracias a la sangre de grado. Es un gel cicatrizante y regenerador que te ayudar\u00e1 con las manchitas ocasionadas por el acn\u00e9. Ayuda a disminuir las finas l\u00edneas de expresi\u00f3n gracias a la s\u00edntesis de col\u00e1geno que nos proporcionan las algas rojas y refuerza la funci\u00f3n barrera de la piel.Modo de uso<\/p>\n<p>Aplicar 2 o 3 pumps sobre el rostro con movimientos circulares hasta su absorci\u00f3n. \u00bfCu\u00e1ndo usar? AM\/PM<\/p>\n<p><strong>Ingredientes<\/strong>:<\/p>\n<p>Aqua, Aloe Barbadensis Leaf Extract, Croton Lechleri Resin Extract, Nicotinamide, Sodium Hyaluronate, Polymnia Sonchifolia Root Extract, Polysiphonia Elongata Extract, Magnesium Aluminium Silicate, Plukenetia Volubilis Seed Oil, Citric Acid, Behenyl Alcohol, Arachidyl Glucoside, Arachidyl Alcohol, Xanthan Gum, Acacia Senegal Gum, Clyceryl Caprylate, Caprylhydro-Xamic Acid, Cymbopogon Nardus Oil, CI 75470, CI 75120<\/p>\n<p><strong>Contenido:<\/strong><\/p>\n<p>30 ml \/ 1.01 Oz<\/p>\n","protected":false},"excerpt":{"rendered":"<p><strong>MARCA: AWARE<\/strong><\/p>\n<p>El serum Amazonian Tree Elixir es un serum antiedad que regenera la piel y ayuda a reparar los signos del envejecimiento. Es una fuente de juventud gracias a la sangre de grado que ayudar\u00e1 a atenuar las finas l\u00edneas de expresi\u00f3n gracias a sus propiedades regenerativas. Contiene extracto de algas rojas que nos ayudar\u00e1 a producir m\u00e1s col\u00e1geno logrando un efecto de mayor firmeza en la piel.<\/p>\n","protected":false},"featured_media":663,"comment_status":"open","ping_status":"closed","template":"","meta":{"content-type":"","_joinchat":[]},"product_cat":[22,90,19],"product_tag":[],"class_list":{"0":"post-659","1":"product","2":"type-product","3":"status-publish","4":"has-post-thumbnail","6":"product_cat-aware","7":"product_cat-serums","8":"product_cat-veganos","10":"first","11":"instock","12":"shipping-taxable","13":"purchasable","14":"product-type-simple"},"yoast_head":"<!-- This site is optimized with the Yoast SEO plugin v22.8 - https:\/\/yoast.com\/wordpress\/plugins\/seo\/ -->\n<title>Amazonian Tree Elixir - DermOrganicpe<\/title>\n<meta name=\"description\" content=\"El serum Amazonian Tree Elixir es un serum antiedad que regenera la piel y ayuda a reparar los signos del envejecimiento. Es una fuente de juventud gracias a la sangre de grado que ayudar\u00e1 a atenuar las finas l\u00edneas de expresi\u00f3n gracias a sus propiedades regenerativas.\" \/>\n<meta name=\"robots\" content=\"index, follow, max-snippet:-1, max-image-preview:large, max-video-preview:-1\" \/>\n<link rel=\"canonical\" href=\"https:\/\/dermorganicpe.labpro.icu\/index.php\/product\/amazoniatreeelixir\/\" \/>\n<meta property=\"og:locale\" content=\"es_ES\" \/>\n<meta property=\"og:type\" content=\"article\" \/>\n<meta property=\"og:title\" content=\"Amazonian Tree Elixir - DermOrganicpe\" \/>\n<meta property=\"og:description\" content=\"El serum Amazonian Tree Elixir es un serum antiedad que regenera la piel y ayuda a reparar los signos del envejecimiento. Es una fuente de juventud gracias a la sangre de grado que ayudar\u00e1 a atenuar las finas l\u00edneas de expresi\u00f3n gracias a sus propiedades regenerativas.\" \/>\n<meta property=\"og:url\" content=\"https:\/\/dermorganicpe.labpro.icu\/index.php\/product\/amazoniatreeelixir\/\" \/>\n<meta property=\"og:site_name\" content=\"DermOrganicpe\" \/>\n<meta property=\"article:modified_time\" content=\"2024-06-18T06:58:06+00:00\" \/>\n<meta property=\"og:image\" content=\"https:\/\/dermorganicpe.labpro.icu\/wp-content\/uploads\/2024\/06\/AYUDAS-PARA-DISENO-DE-LA-WEB-1.png\" \/>\n\t<meta property=\"og:image:width\" content=\"1080\" \/>\n\t<meta property=\"og:image:height\" content=\"1080\" \/>\n\t<meta property=\"og:image:type\" content=\"image\/png\" \/>\n<meta name=\"twitter:card\" content=\"summary_large_image\" \/>\n<meta name=\"twitter:label1\" content=\"Est. reading time\" \/>\n\t<meta name=\"twitter:data1\" content=\"1 minuto\" \/>\n<script type=\"application\/ld+json\" class=\"yoast-schema-graph\">{\"@context\":\"https:\/\/schema.org\",\"@graph\":[{\"@type\":\"WebPage\",\"@id\":\"https:\/\/dermorganicpe.labpro.icu\/index.php\/product\/amazoniatreeelixir\/\",\"url\":\"https:\/\/dermorganicpe.labpro.icu\/index.php\/product\/amazoniatreeelixir\/\",\"name\":\"Amazonian Tree Elixir - DermOrganicpe\",\"isPartOf\":{\"@id\":\"https:\/\/dermorganicpe.labpro.icu\/#website\"},\"primaryImageOfPage\":{\"@id\":\"https:\/\/dermorganicpe.labpro.icu\/index.php\/product\/amazoniatreeelixir\/#primaryimage\"},\"image\":{\"@id\":\"https:\/\/dermorganicpe.labpro.icu\/index.php\/product\/amazoniatreeelixir\/#primaryimage\"},\"thumbnailUrl\":\"https:\/\/dermorganicpe.labpro.icu\/wp-content\/uploads\/2024\/06\/AYUDAS-PARA-DISENO-DE-LA-WEB-1.png\",\"datePublished\":\"2024-06-16T23:58:41+00:00\",\"dateModified\":\"2024-06-18T06:58:06+00:00\",\"description\":\"El serum Amazonian Tree Elixir es un serum antiedad que regenera la piel y ayuda a reparar los signos del envejecimiento. Es una fuente de juventud gracias a la sangre de grado que ayudar\u00e1 a atenuar las finas l\u00edneas de expresi\u00f3n gracias a sus propiedades regenerativas.\",\"breadcrumb\":{\"@id\":\"https:\/\/dermorganicpe.labpro.icu\/index.php\/product\/amazoniatreeelixir\/#breadcrumb\"},\"inLanguage\":\"es-PE\",\"potentialAction\":[{\"@type\":\"ReadAction\",\"target\":[\"https:\/\/dermorganicpe.labpro.icu\/index.php\/product\/amazoniatreeelixir\/\"]}]},{\"@type\":\"ImageObject\",\"inLanguage\":\"es-PE\",\"@id\":\"https:\/\/dermorganicpe.labpro.icu\/index.php\/product\/amazoniatreeelixir\/#primaryimage\",\"url\":\"https:\/\/dermorganicpe.labpro.icu\/wp-content\/uploads\/2024\/06\/AYUDAS-PARA-DISENO-DE-LA-WEB-1.png\",\"contentUrl\":\"https:\/\/dermorganicpe.labpro.icu\/wp-content\/uploads\/2024\/06\/AYUDAS-PARA-DISENO-DE-LA-WEB-1.png\",\"width\":1080,\"height\":1080},{\"@type\":\"BreadcrumbList\",\"@id\":\"https:\/\/dermorganicpe.labpro.icu\/index.php\/product\/amazoniatreeelixir\/#breadcrumb\",\"itemListElement\":[{\"@type\":\"ListItem\",\"position\":1,\"name\":\"Portada\",\"item\":\"https:\/\/dermorganicpe.labpro.icu\/\"},{\"@type\":\"ListItem\",\"position\":2,\"name\":\"Shop\",\"item\":\"https:\/\/dermorganicpe.labpro.icu\/index.php\/shop-de-dermorganic\/\"},{\"@type\":\"ListItem\",\"position\":3,\"name\":\"Amazonian Tree Elixir\"}]},{\"@type\":\"WebSite\",\"@id\":\"https:\/\/dermorganicpe.labpro.icu\/#website\",\"url\":\"https:\/\/dermorganicpe.labpro.icu\/\",\"name\":\"DermOrganicpe\",\"description\":\"Revela tu belleza natural\",\"potentialAction\":[{\"@type\":\"SearchAction\",\"target\":{\"@type\":\"EntryPoint\",\"urlTemplate\":\"https:\/\/dermorganicpe.labpro.icu\/?s={search_term_string}\"},\"query-input\":\"required name=search_term_string\"}],\"inLanguage\":\"es-PE\"}]}<\/script>\n<!-- \/ Yoast SEO plugin. -->","yoast_head_json":{"title":"Amazonian Tree Elixir - DermOrganicpe","description":"El serum Amazonian Tree Elixir es un serum antiedad que regenera la piel y ayuda a reparar los signos del envejecimiento. Es una fuente de juventud gracias a la sangre de grado que ayudar\u00e1 a atenuar las finas l\u00edneas de expresi\u00f3n gracias a sus propiedades regenerativas.","robots":{"index":"index","follow":"follow","max-snippet":"max-snippet:-1","max-image-preview":"max-image-preview:large","max-video-preview":"max-video-preview:-1"},"canonical":"https:\/\/dermorganicpe.labpro.icu\/index.php\/product\/amazoniatreeelixir\/","og_locale":"es_ES","og_type":"article","og_title":"Amazonian Tree Elixir - DermOrganicpe","og_description":"El serum Amazonian Tree Elixir es un serum antiedad que regenera la piel y ayuda a reparar los signos del envejecimiento. Es una fuente de juventud gracias a la sangre de grado que ayudar\u00e1 a atenuar las finas l\u00edneas de expresi\u00f3n gracias a sus propiedades regenerativas.","og_url":"https:\/\/dermorganicpe.labpro.icu\/index.php\/product\/amazoniatreeelixir\/","og_site_name":"DermOrganicpe","article_modified_time":"2024-06-18T06:58:06+00:00","og_image":[{"width":1080,"height":1080,"url":"https:\/\/dermorganicpe.labpro.icu\/wp-content\/uploads\/2024\/06\/AYUDAS-PARA-DISENO-DE-LA-WEB-1.png","type":"image\/png"}],"twitter_card":"summary_large_image","twitter_misc":{"Est. reading time":"1 minuto"},"schema":{"@context":"https:\/\/schema.org","@graph":[{"@type":"WebPage","@id":"https:\/\/dermorganicpe.labpro.icu\/index.php\/product\/amazoniatreeelixir\/","url":"https:\/\/dermorganicpe.labpro.icu\/index.php\/product\/amazoniatreeelixir\/","name":"Amazonian Tree Elixir - DermOrganicpe","isPartOf":{"@id":"https:\/\/dermorganicpe.labpro.icu\/#website"},"primaryImageOfPage":{"@id":"https:\/\/dermorganicpe.labpro.icu\/index.php\/product\/amazoniatreeelixir\/#primaryimage"},"image":{"@id":"https:\/\/dermorganicpe.labpro.icu\/index.php\/product\/amazoniatreeelixir\/#primaryimage"},"thumbnailUrl":"https:\/\/dermorganicpe.labpro.icu\/wp-content\/uploads\/2024\/06\/AYUDAS-PARA-DISENO-DE-LA-WEB-1.png","datePublished":"2024-06-16T23:58:41+00:00","dateModified":"2024-06-18T06:58:06+00:00","description":"El serum Amazonian Tree Elixir es un serum antiedad que regenera la piel y ayuda a reparar los signos del envejecimiento. Es una fuente de juventud gracias a la sangre de grado que ayudar\u00e1 a atenuar las finas l\u00edneas de expresi\u00f3n gracias a sus propiedades regenerativas.","breadcrumb":{"@id":"https:\/\/dermorganicpe.labpro.icu\/index.php\/product\/amazoniatreeelixir\/#breadcrumb"},"inLanguage":"es-PE","potentialAction":[{"@type":"ReadAction","target":["https:\/\/dermorganicpe.labpro.icu\/index.php\/product\/amazoniatreeelixir\/"]}]},{"@type":"ImageObject","inLanguage":"es-PE","@id":"https:\/\/dermorganicpe.labpro.icu\/index.php\/product\/amazoniatreeelixir\/#primaryimage","url":"https:\/\/dermorganicpe.labpro.icu\/wp-content\/uploads\/2024\/06\/AYUDAS-PARA-DISENO-DE-LA-WEB-1.png","contentUrl":"https:\/\/dermorganicpe.labpro.icu\/wp-content\/uploads\/2024\/06\/AYUDAS-PARA-DISENO-DE-LA-WEB-1.png","width":1080,"height":1080},{"@type":"BreadcrumbList","@id":"https:\/\/dermorganicpe.labpro.icu\/index.php\/product\/amazoniatreeelixir\/#breadcrumb","itemListElement":[{"@type":"ListItem","position":1,"name":"Portada","item":"https:\/\/dermorganicpe.labpro.icu\/"},{"@type":"ListItem","position":2,"name":"Shop","item":"https:\/\/dermorganicpe.labpro.icu\/index.php\/shop-de-dermorganic\/"},{"@type":"ListItem","position":3,"name":"Amazonian Tree Elixir"}]},{"@type":"WebSite","@id":"https:\/\/dermorganicpe.labpro.icu\/#website","url":"https:\/\/dermorganicpe.labpro.icu\/","name":"DermOrganicpe","description":"Revela tu belleza natural","potentialAction":[{"@type":"SearchAction","target":{"@type":"EntryPoint","urlTemplate":"https:\/\/dermorganicpe.labpro.icu\/?s={search_term_string}"},"query-input":"required name=search_term_string"}],"inLanguage":"es-PE"}]}},"_links":{"self":[{"href":"https:\/\/dermorganicpe.labpro.icu\/index.php\/wp-json\/wp\/v2\/product\/659","targetHints":{"allow":["GET"]}}],"collection":[{"href":"https:\/\/dermorganicpe.labpro.icu\/index.php\/wp-json\/wp\/v2\/product"}],"about":[{"href":"https:\/\/dermorganicpe.labpro.icu\/index.php\/wp-json\/wp\/v2\/types\/product"}],"replies":[{"embeddable":true,"href":"https:\/\/dermorganicpe.labpro.icu\/index.php\/wp-json\/wp\/v2\/comments?post=659"}],"wp:featuredmedia":[{"embeddable":true,"href":"https:\/\/dermorganicpe.labpro.icu\/index.php\/wp-json\/wp\/v2\/media\/663"}],"wp:attachment":[{"href":"https:\/\/dermorganicpe.labpro.icu\/index.php\/wp-json\/wp\/v2\/media?parent=659"}],"wp:term":[{"taxonomy":"product_cat","embeddable":true,"href":"https:\/\/dermorganicpe.labpro.icu\/index.php\/wp-json\/wp\/v2\/product_cat?post=659"},{"taxonomy":"product_tag","embeddable":true,"href":"https:\/\/dermorganicpe.labpro.icu\/index.php\/wp-json\/wp\/v2\/product_tag?post=659"}],"curies":[{"name":"wp","href":"https:\/\/api.w.org\/{rel}","templated":true}]}}