{"id":679,"date":"2024-06-17T03:39:11","date_gmt":"2024-06-17T03:39:11","guid":{"rendered":"https:\/\/dermorganicpe.labpro.icu\/?post_type=product&#038;p=679"},"modified":"2024-06-18T00:08:13","modified_gmt":"2024-06-18T00:08:13","slug":"triplevitcdrops","status":"publish","type":"product","link":"https:\/\/dermorganicpe.labpro.icu\/index.php\/product\/triplevitcdrops\/","title":{"rendered":"Triple Vit C Drops"},"content":{"rendered":"<p data-sourcepos=\"13:1-13:111\"><strong>Modo de uso:<\/strong><\/p>\n<p data-sourcepos=\"13:1-13:111\">Aplicar 2-3 gotas del serum facial natural en la noche sobre la piel limpia y seca del rostro. Masajear suavemente hasta su completa absorci\u00f3n.<\/p>\n<p data-sourcepos=\"13:1-13:111\"><strong>Principales ingredientes:<\/strong><\/p>\n<ul data-sourcepos=\"5:1-10:0\">\n<li data-sourcepos=\"5:1-5:123\"><strong>Vitamina C liposomada:<\/strong>\u00a0Ayuda a aclarar las manchas, iluminar el tono de la piel y reducir la apariencia de los poros.<\/li>\n<li data-sourcepos=\"6:1-6:135\"><strong>Niacinamida:<\/strong>\u00a0Ayuda a unificar el tono de la piel.<\/li>\n<li data-sourcepos=\"7:1-7:110\"><strong>Extracto de camu camu:<\/strong>\u00a0Es una fuente natural de vitamina C, que ayuda a proteger la piel del da\u00f1o solar.<\/li>\n<li data-sourcepos=\"8:1-8:122\"><strong>Moringa:<\/strong>\u00a0Tiene propiedades antiinflamatorias y antioxidantes, que ayudan a proteger la piel de los radicales libres.<\/li>\n<li data-sourcepos=\"9:1-10:0\"><strong>Ma\u00edz morado:<\/strong> Es una fuente natural de antocianinas, que le dan a la piel un tono uniforme y saludable.<\/li>\n<\/ul>\n<p><strong>Advertencia:<\/strong><\/p>\n<p>En caso de sensibilidad al producto, suspender su uso. Para pieles con condiciones especiales consultar a su dermat\u00f3logo. Mantenga fuera del alcance de los ni\u00f1os. Uso externo. Evitar contacto directo con los ojos. Conservar en lugar seco, fresco y alejado de luz solar.<\/p>\n","protected":false},"excerpt":{"rendered":"<p><strong>MARCA: AWARE<\/strong><\/p>\n<p>Nuestro s\u00e9rum facial natural Triple Vit C Drops es la soluci\u00f3n perfecta para lucir una piel radiante y saludable. Su f\u00f3rmula ligera y de r\u00e1pida absorci\u00f3n contiene vitamina C liposomada, niacinamida, extracto de camu camu, moringa y ma\u00edz morado, ingredientes que brindan los siguientes beneficios:<\/p>\n<ul data-sourcepos=\"17:1-25:0\">\n<li data-sourcepos=\"17:1-17:25\">Aclarar las manchas<\/li>\n<li data-sourcepos=\"18:1-18:33\">Iluminar el tono de la piel<\/li>\n<li data-sourcepos=\"19:1-19:40\">Unificar el tono de la piel<\/li>\n<li data-sourcepos=\"21:1-21:47\">Proteger la piel del da\u00f1o solar<\/li>\n<li data-sourcepos=\"24:1-25:0\">Proteger la piel de los radicales libres<\/li>\n<\/ul>\n","protected":false},"featured_media":684,"comment_status":"open","ping_status":"closed","template":"","meta":{"content-type":"","_joinchat":[]},"product_cat":[22,90,19],"product_tag":[],"class_list":{"0":"post-679","1":"product","2":"type-product","3":"status-publish","4":"has-post-thumbnail","6":"product_cat-aware","7":"product_cat-serums","8":"product_cat-veganos","10":"first","11":"instock","12":"shipping-taxable","13":"purchasable","14":"product-type-simple"},"yoast_head":"<!-- This site is optimized with the Yoast SEO plugin v22.8 - https:\/\/yoast.com\/wordpress\/plugins\/seo\/ -->\n<title>Triple Vit C Drops - Aware - DermOrganicpe<\/title>\n<meta name=\"description\" content=\"Nuestro s\u00e9rum facial natural Triple Vit C Drops es la soluci\u00f3n perfecta para lucir una piel radiante y saludable. Su f\u00f3rmula ligera y de r\u00e1pida absorci\u00f3n contiene vitamina C liposomada, niacinamida, extracto de camu camu, moringa y ma\u00edz morado\" \/>\n<meta name=\"robots\" content=\"index, follow, max-snippet:-1, max-image-preview:large, max-video-preview:-1\" \/>\n<link rel=\"canonical\" href=\"https:\/\/dermorganicpe.labpro.icu\/index.php\/product\/triplevitcdrops\/\" \/>\n<meta property=\"og:locale\" content=\"es_ES\" \/>\n<meta property=\"og:type\" content=\"article\" \/>\n<meta property=\"og:title\" content=\"Triple Vit C Drops - Aware - DermOrganicpe\" \/>\n<meta property=\"og:description\" content=\"Nuestro s\u00e9rum facial natural Triple Vit C Drops es la soluci\u00f3n perfecta para lucir una piel radiante y saludable. Su f\u00f3rmula ligera y de r\u00e1pida absorci\u00f3n contiene vitamina C liposomada, niacinamida, extracto de camu camu, moringa y ma\u00edz morado\" \/>\n<meta property=\"og:url\" content=\"https:\/\/dermorganicpe.labpro.icu\/index.php\/product\/triplevitcdrops\/\" \/>\n<meta property=\"og:site_name\" content=\"DermOrganicpe\" \/>\n<meta property=\"article:modified_time\" content=\"2024-06-18T00:08:13+00:00\" \/>\n<meta property=\"og:image\" content=\"https:\/\/dermorganicpe.labpro.icu\/wp-content\/uploads\/2024\/06\/IMG_0153-copia-scaled-1.jpg\" \/>\n\t<meta property=\"og:image:width\" content=\"2560\" \/>\n\t<meta property=\"og:image:height\" content=\"1707\" \/>\n\t<meta property=\"og:image:type\" content=\"image\/jpeg\" \/>\n<meta name=\"twitter:card\" content=\"summary_large_image\" \/>\n<meta name=\"twitter:label1\" content=\"Est. reading time\" \/>\n\t<meta name=\"twitter:data1\" content=\"1 minuto\" \/>\n<script type=\"application\/ld+json\" class=\"yoast-schema-graph\">{\"@context\":\"https:\/\/schema.org\",\"@graph\":[{\"@type\":\"WebPage\",\"@id\":\"https:\/\/dermorganicpe.labpro.icu\/index.php\/product\/triplevitcdrops\/\",\"url\":\"https:\/\/dermorganicpe.labpro.icu\/index.php\/product\/triplevitcdrops\/\",\"name\":\"Triple Vit C Drops - Aware - DermOrganicpe\",\"isPartOf\":{\"@id\":\"https:\/\/dermorganicpe.labpro.icu\/#website\"},\"primaryImageOfPage\":{\"@id\":\"https:\/\/dermorganicpe.labpro.icu\/index.php\/product\/triplevitcdrops\/#primaryimage\"},\"image\":{\"@id\":\"https:\/\/dermorganicpe.labpro.icu\/index.php\/product\/triplevitcdrops\/#primaryimage\"},\"thumbnailUrl\":\"https:\/\/dermorganicpe.labpro.icu\/wp-content\/uploads\/2024\/06\/IMG_0153-copia-scaled-1.jpg\",\"datePublished\":\"2024-06-17T03:39:11+00:00\",\"dateModified\":\"2024-06-18T00:08:13+00:00\",\"description\":\"Nuestro s\u00e9rum facial natural Triple Vit C Drops es la soluci\u00f3n perfecta para lucir una piel radiante y saludable. Su f\u00f3rmula ligera y de r\u00e1pida absorci\u00f3n contiene vitamina C liposomada, niacinamida, extracto de camu camu, moringa y ma\u00edz morado\",\"breadcrumb\":{\"@id\":\"https:\/\/dermorganicpe.labpro.icu\/index.php\/product\/triplevitcdrops\/#breadcrumb\"},\"inLanguage\":\"es-PE\",\"potentialAction\":[{\"@type\":\"ReadAction\",\"target\":[\"https:\/\/dermorganicpe.labpro.icu\/index.php\/product\/triplevitcdrops\/\"]}]},{\"@type\":\"ImageObject\",\"inLanguage\":\"es-PE\",\"@id\":\"https:\/\/dermorganicpe.labpro.icu\/index.php\/product\/triplevitcdrops\/#primaryimage\",\"url\":\"https:\/\/dermorganicpe.labpro.icu\/wp-content\/uploads\/2024\/06\/IMG_0153-copia-scaled-1.jpg\",\"contentUrl\":\"https:\/\/dermorganicpe.labpro.icu\/wp-content\/uploads\/2024\/06\/IMG_0153-copia-scaled-1.jpg\",\"width\":2560,\"height\":1707},{\"@type\":\"BreadcrumbList\",\"@id\":\"https:\/\/dermorganicpe.labpro.icu\/index.php\/product\/triplevitcdrops\/#breadcrumb\",\"itemListElement\":[{\"@type\":\"ListItem\",\"position\":1,\"name\":\"Portada\",\"item\":\"https:\/\/dermorganicpe.labpro.icu\/\"},{\"@type\":\"ListItem\",\"position\":2,\"name\":\"Shop\",\"item\":\"https:\/\/dermorganicpe.labpro.icu\/index.php\/shop-de-dermorganic\/\"},{\"@type\":\"ListItem\",\"position\":3,\"name\":\"Triple Vit C Drops\"}]},{\"@type\":\"WebSite\",\"@id\":\"https:\/\/dermorganicpe.labpro.icu\/#website\",\"url\":\"https:\/\/dermorganicpe.labpro.icu\/\",\"name\":\"DermOrganicpe\",\"description\":\"Revela tu belleza natural\",\"potentialAction\":[{\"@type\":\"SearchAction\",\"target\":{\"@type\":\"EntryPoint\",\"urlTemplate\":\"https:\/\/dermorganicpe.labpro.icu\/?s={search_term_string}\"},\"query-input\":\"required name=search_term_string\"}],\"inLanguage\":\"es-PE\"}]}<\/script>\n<!-- \/ Yoast SEO plugin. -->","yoast_head_json":{"title":"Triple Vit C Drops - Aware - DermOrganicpe","description":"Nuestro s\u00e9rum facial natural Triple Vit C Drops es la soluci\u00f3n perfecta para lucir una piel radiante y saludable. Su f\u00f3rmula ligera y de r\u00e1pida absorci\u00f3n contiene vitamina C liposomada, niacinamida, extracto de camu camu, moringa y ma\u00edz morado","robots":{"index":"index","follow":"follow","max-snippet":"max-snippet:-1","max-image-preview":"max-image-preview:large","max-video-preview":"max-video-preview:-1"},"canonical":"https:\/\/dermorganicpe.labpro.icu\/index.php\/product\/triplevitcdrops\/","og_locale":"es_ES","og_type":"article","og_title":"Triple Vit C Drops - Aware - DermOrganicpe","og_description":"Nuestro s\u00e9rum facial natural Triple Vit C Drops es la soluci\u00f3n perfecta para lucir una piel radiante y saludable. Su f\u00f3rmula ligera y de r\u00e1pida absorci\u00f3n contiene vitamina C liposomada, niacinamida, extracto de camu camu, moringa y ma\u00edz morado","og_url":"https:\/\/dermorganicpe.labpro.icu\/index.php\/product\/triplevitcdrops\/","og_site_name":"DermOrganicpe","article_modified_time":"2024-06-18T00:08:13+00:00","og_image":[{"width":2560,"height":1707,"url":"https:\/\/dermorganicpe.labpro.icu\/wp-content\/uploads\/2024\/06\/IMG_0153-copia-scaled-1.jpg","type":"image\/jpeg"}],"twitter_card":"summary_large_image","twitter_misc":{"Est. reading time":"1 minuto"},"schema":{"@context":"https:\/\/schema.org","@graph":[{"@type":"WebPage","@id":"https:\/\/dermorganicpe.labpro.icu\/index.php\/product\/triplevitcdrops\/","url":"https:\/\/dermorganicpe.labpro.icu\/index.php\/product\/triplevitcdrops\/","name":"Triple Vit C Drops - Aware - DermOrganicpe","isPartOf":{"@id":"https:\/\/dermorganicpe.labpro.icu\/#website"},"primaryImageOfPage":{"@id":"https:\/\/dermorganicpe.labpro.icu\/index.php\/product\/triplevitcdrops\/#primaryimage"},"image":{"@id":"https:\/\/dermorganicpe.labpro.icu\/index.php\/product\/triplevitcdrops\/#primaryimage"},"thumbnailUrl":"https:\/\/dermorganicpe.labpro.icu\/wp-content\/uploads\/2024\/06\/IMG_0153-copia-scaled-1.jpg","datePublished":"2024-06-17T03:39:11+00:00","dateModified":"2024-06-18T00:08:13+00:00","description":"Nuestro s\u00e9rum facial natural Triple Vit C Drops es la soluci\u00f3n perfecta para lucir una piel radiante y saludable. Su f\u00f3rmula ligera y de r\u00e1pida absorci\u00f3n contiene vitamina C liposomada, niacinamida, extracto de camu camu, moringa y ma\u00edz morado","breadcrumb":{"@id":"https:\/\/dermorganicpe.labpro.icu\/index.php\/product\/triplevitcdrops\/#breadcrumb"},"inLanguage":"es-PE","potentialAction":[{"@type":"ReadAction","target":["https:\/\/dermorganicpe.labpro.icu\/index.php\/product\/triplevitcdrops\/"]}]},{"@type":"ImageObject","inLanguage":"es-PE","@id":"https:\/\/dermorganicpe.labpro.icu\/index.php\/product\/triplevitcdrops\/#primaryimage","url":"https:\/\/dermorganicpe.labpro.icu\/wp-content\/uploads\/2024\/06\/IMG_0153-copia-scaled-1.jpg","contentUrl":"https:\/\/dermorganicpe.labpro.icu\/wp-content\/uploads\/2024\/06\/IMG_0153-copia-scaled-1.jpg","width":2560,"height":1707},{"@type":"BreadcrumbList","@id":"https:\/\/dermorganicpe.labpro.icu\/index.php\/product\/triplevitcdrops\/#breadcrumb","itemListElement":[{"@type":"ListItem","position":1,"name":"Portada","item":"https:\/\/dermorganicpe.labpro.icu\/"},{"@type":"ListItem","position":2,"name":"Shop","item":"https:\/\/dermorganicpe.labpro.icu\/index.php\/shop-de-dermorganic\/"},{"@type":"ListItem","position":3,"name":"Triple Vit C Drops"}]},{"@type":"WebSite","@id":"https:\/\/dermorganicpe.labpro.icu\/#website","url":"https:\/\/dermorganicpe.labpro.icu\/","name":"DermOrganicpe","description":"Revela tu belleza natural","potentialAction":[{"@type":"SearchAction","target":{"@type":"EntryPoint","urlTemplate":"https:\/\/dermorganicpe.labpro.icu\/?s={search_term_string}"},"query-input":"required name=search_term_string"}],"inLanguage":"es-PE"}]}},"_links":{"self":[{"href":"https:\/\/dermorganicpe.labpro.icu\/index.php\/wp-json\/wp\/v2\/product\/679","targetHints":{"allow":["GET"]}}],"collection":[{"href":"https:\/\/dermorganicpe.labpro.icu\/index.php\/wp-json\/wp\/v2\/product"}],"about":[{"href":"https:\/\/dermorganicpe.labpro.icu\/index.php\/wp-json\/wp\/v2\/types\/product"}],"replies":[{"embeddable":true,"href":"https:\/\/dermorganicpe.labpro.icu\/index.php\/wp-json\/wp\/v2\/comments?post=679"}],"wp:featuredmedia":[{"embeddable":true,"href":"https:\/\/dermorganicpe.labpro.icu\/index.php\/wp-json\/wp\/v2\/media\/684"}],"wp:attachment":[{"href":"https:\/\/dermorganicpe.labpro.icu\/index.php\/wp-json\/wp\/v2\/media?parent=679"}],"wp:term":[{"taxonomy":"product_cat","embeddable":true,"href":"https:\/\/dermorganicpe.labpro.icu\/index.php\/wp-json\/wp\/v2\/product_cat?post=679"},{"taxonomy":"product_tag","embeddable":true,"href":"https:\/\/dermorganicpe.labpro.icu\/index.php\/wp-json\/wp\/v2\/product_tag?post=679"}],"curies":[{"name":"wp","href":"https:\/\/api.w.org\/{rel}","templated":true}]}}